{"id":8151,"date":"2023-08-24T19:55:12","date_gmt":"2023-08-24T19:55:12","guid":{"rendered":"https:\/\/goodbike2.goodbikestore.com\/shop\/?post_type=product&#038;p=8151"},"modified":"2023-08-24T19:55:51","modified_gmt":"2023-08-24T19:55:51","slug":"zapatillas-sidi-t-5-air-wmn","status":"publish","type":"product","link":"https:\/\/goodbike2.goodbikestore.com\/shop\/product\/zapatillas-sidi-t-5-air-wmn\/","title":{"rendered":"ZAPATILLAS SIDI T-5 AIR WMN"},"content":{"rendered":"","protected":false},"excerpt":{"rendered":"<p style=\"text-align: center;\">Los zapatos de ciclismo Sidi incluyen una almohadilla de tal\u00f3n de poliuretano reemplazable. La suela compuesta de carbono twelve se inyecta fibra de carbono moldeada en una matriz de nailon que crea una suela significativamente m\u00e1s ligera y m\u00e1s r\u00edgida. susceptible a cambios debido al envejecimiento o uso prolongado y cuenta con un atrevido gr\u00e1fico Sidi. Sistema de cierre de velcro extragrueso. \u00a0El material Politex est\u00e1 fabricado con varias capas superpuestas con diferentes propiedades f\u00edsicas y mec\u00e1nicas, ofrece una fuerte resistencia a rasgaduras, laceraciones, estiramientos y decoloraci\u00f3n.<\/p>\n","protected":false},"featured_media":8207,"comment_status":"open","ping_status":"closed","template":"","meta":{"nf_dc_page":""},"product_brand":[],"product_cat":[24,26,107,108,106],"product_tag":[109],"class_list":{"0":"post-8151","1":"product","2":"type-product","3":"status-publish","4":"has-post-thumbnail","6":"product_cat-marca","7":"product_cat-ropa-y-outfit","8":"product_cat-ruta","9":"product_cat-sidi","10":"product_cat-zapatos-de-ciclismo","11":"product_tag-sidi","13":"first","14":"instock","15":"taxable","16":"shipping-taxable","17":"product-type-variable"},"jetpack_sharing_enabled":true,"_links":{"self":[{"href":"https:\/\/goodbike2.goodbikestore.com\/shop\/wp-json\/wp\/v2\/product\/8151","targetHints":{"allow":["GET"]}}],"collection":[{"href":"https:\/\/goodbike2.goodbikestore.com\/shop\/wp-json\/wp\/v2\/product"}],"about":[{"href":"https:\/\/goodbike2.goodbikestore.com\/shop\/wp-json\/wp\/v2\/types\/product"}],"replies":[{"embeddable":true,"href":"https:\/\/goodbike2.goodbikestore.com\/shop\/wp-json\/wp\/v2\/comments?post=8151"}],"wp:featuredmedia":[{"embeddable":true,"href":"https:\/\/goodbike2.goodbikestore.com\/shop\/wp-json\/wp\/v2\/media\/8207"}],"wp:attachment":[{"href":"https:\/\/goodbike2.goodbikestore.com\/shop\/wp-json\/wp\/v2\/media?parent=8151"}],"wp:term":[{"taxonomy":"product_brand","embeddable":true,"href":"https:\/\/goodbike2.goodbikestore.com\/shop\/wp-json\/wp\/v2\/product_brand?post=8151"},{"taxonomy":"product_cat","embeddable":true,"href":"https:\/\/goodbike2.goodbikestore.com\/shop\/wp-json\/wp\/v2\/product_cat?post=8151"},{"taxonomy":"product_tag","embeddable":true,"href":"https:\/\/goodbike2.goodbikestore.com\/shop\/wp-json\/wp\/v2\/product_tag?post=8151"}],"curies":[{"name":"wp","href":"https:\/\/api.w.org\/{rel}","templated":true}]}}