{"id":8150,"date":"2023-08-24T19:55:12","date_gmt":"2023-08-24T19:55:12","guid":{"rendered":"https:\/\/goodbike2.goodbikestore.com\/shop\/?post_type=product&#038;p=8150"},"modified":"2023-08-24T19:55:47","modified_gmt":"2023-08-24T19:55:47","slug":"zapatillas-sidi-wire2-wmn","status":"publish","type":"product","link":"https:\/\/goodbike2.goodbikestore.com\/shop\/product\/zapatillas-sidi-wire2-wmn\/","title":{"rendered":"ZAPATILLAS SIDI WIRE2 WMN"},"content":{"rendered":"","protected":false},"excerpt":{"rendered":"<p style=\"text-align: center;\">Sidi Wire 2, elegancia y estilo.<\/p>\n<p class=\"tw-data-text tw-text-large tw-ta\" dir=\"ltr\" data-placeholder=\"Traducci\u00f3n\"><span class=\"Y2IQFc\" lang=\"es\">El sistema de cierre del empeine suave es una correa ancha anat\u00f3micamente curvada combinada con una suave almohadilla de Eva termoformada que distribuye la presi\u00f3n uniformemente sobre el \u00e1rea del empeine, es ajustable en ambos lados, para centrar perfectamente la almohadilla sobre un empeine alto o bajo. Sidi\u2019s Tecno-3 System <\/span><span class=\"Y2IQFc\" lang=\"es\">marca el ajuste a lo largo de la parte superior de los pies, los cierres reemplazables y confiables de SIDI se mejoran con un material Sidi wire patentado completamente nuevo que no se atasca para realizar ajustes sobre la marcha y sin esfuerzo. Adjustable heel retention device <\/span><span class=\"Y2IQFc\" lang=\"es\">refuerza la parte superior del tal\u00f3n y mejora el ajuste al cerrar la parte posterior del zapato de forma segura alrededor del tal\u00f3n del ciclista. El dispositivo de retenci\u00f3n del tal\u00f3n aprieta la parte superior para que el tal\u00f3n no se deslice durante las subidas empinadas o los sprints.<\/span><\/p>\n<p class=\"tw-data-text tw-text-large tw-ta\" dir=\"ltr\" data-placeholder=\"Traducci\u00f3n\"><span class=\"Y2IQFc\" lang=\"es\">\u00a0<\/span><\/p>\n<p id=\"tw-target-text\" class=\"tw-data-text tw-text-large tw-ta\" dir=\"ltr\" data-placeholder=\"Traducci\u00f3n\"><span class=\"Y2IQFc\" lang=\"es\">\u00a0<\/span><\/p>\n","protected":false},"featured_media":8203,"comment_status":"open","ping_status":"closed","template":"","meta":{"nf_dc_page":""},"product_brand":[],"product_cat":[24,26,107,108,106],"product_tag":[109],"class_list":{"0":"post-8150","1":"product","2":"type-product","3":"status-publish","4":"has-post-thumbnail","6":"product_cat-marca","7":"product_cat-ropa-y-outfit","8":"product_cat-ruta","9":"product_cat-sidi","10":"product_cat-zapatos-de-ciclismo","11":"product_tag-sidi","13":"first","14":"instock","15":"taxable","16":"shipping-taxable","17":"product-type-variable"},"jetpack_sharing_enabled":true,"_links":{"self":[{"href":"https:\/\/goodbike2.goodbikestore.com\/shop\/wp-json\/wp\/v2\/product\/8150","targetHints":{"allow":["GET"]}}],"collection":[{"href":"https:\/\/goodbike2.goodbikestore.com\/shop\/wp-json\/wp\/v2\/product"}],"about":[{"href":"https:\/\/goodbike2.goodbikestore.com\/shop\/wp-json\/wp\/v2\/types\/product"}],"replies":[{"embeddable":true,"href":"https:\/\/goodbike2.goodbikestore.com\/shop\/wp-json\/wp\/v2\/comments?post=8150"}],"wp:featuredmedia":[{"embeddable":true,"href":"https:\/\/goodbike2.goodbikestore.com\/shop\/wp-json\/wp\/v2\/media\/8203"}],"wp:attachment":[{"href":"https:\/\/goodbike2.goodbikestore.com\/shop\/wp-json\/wp\/v2\/media?parent=8150"}],"wp:term":[{"taxonomy":"product_brand","embeddable":true,"href":"https:\/\/goodbike2.goodbikestore.com\/shop\/wp-json\/wp\/v2\/product_brand?post=8150"},{"taxonomy":"product_cat","embeddable":true,"href":"https:\/\/goodbike2.goodbikestore.com\/shop\/wp-json\/wp\/v2\/product_cat?post=8150"},{"taxonomy":"product_tag","embeddable":true,"href":"https:\/\/goodbike2.goodbikestore.com\/shop\/wp-json\/wp\/v2\/product_tag?post=8150"}],"curies":[{"name":"wp","href":"https:\/\/api.w.org\/{rel}","templated":true}]}}