{"id":8142,"date":"2023-08-24T19:55:11","date_gmt":"2023-08-24T19:55:11","guid":{"rendered":"https:\/\/goodbike2.goodbikestore.com\/shop\/?post_type=product&#038;p=8142"},"modified":"2023-08-24T19:55:28","modified_gmt":"2023-08-24T19:55:28","slug":"dextro-zero-calories","status":"publish","type":"product","link":"https:\/\/goodbike2.goodbikestore.com\/shop\/product\/dextro-zero-calories\/","title":{"rendered":"Dextro zero calories"},"content":{"rendered":"","protected":false},"excerpt":{"rendered":"<p style=\"text-align: center;\">Bebida electrol\u00edtica en forma de tableta efervescente, que omite los carbohidratos y las calor\u00edas. Los cinco electrolitos principales (sodio, magnesio, calcio, potasio y cloruro) ayudan a regular el equilibrio de l\u00edquidos y minerales, especialmente durante y despu\u00e9s de los deportes.<\/p>\n<p style=\"text-align: center;\">Zero Calories se adapta perfectamente para per\u00edodos cortos de entrenamiento, cuando no se necesitan carbohidratos.<\/p>\n","protected":false},"featured_media":8169,"comment_status":"open","ping_status":"closed","template":"","meta":{"nf_dc_page":""},"product_brand":[],"product_cat":[102,103,24,38],"product_tag":[104],"class_list":{"0":"post-8142","1":"product","2":"type-product","3":"status-publish","4":"has-post-thumbnail","6":"product_cat-dextro","7":"product_cat-hidratacion","8":"product_cat-marca","9":"product_cat-nutricion","10":"product_tag-dextro","12":"first","13":"outofstock","14":"taxable","15":"shipping-taxable","16":"product-type-variable"},"jetpack_sharing_enabled":true,"_links":{"self":[{"href":"https:\/\/goodbike2.goodbikestore.com\/shop\/wp-json\/wp\/v2\/product\/8142","targetHints":{"allow":["GET"]}}],"collection":[{"href":"https:\/\/goodbike2.goodbikestore.com\/shop\/wp-json\/wp\/v2\/product"}],"about":[{"href":"https:\/\/goodbike2.goodbikestore.com\/shop\/wp-json\/wp\/v2\/types\/product"}],"replies":[{"embeddable":true,"href":"https:\/\/goodbike2.goodbikestore.com\/shop\/wp-json\/wp\/v2\/comments?post=8142"}],"wp:featuredmedia":[{"embeddable":true,"href":"https:\/\/goodbike2.goodbikestore.com\/shop\/wp-json\/wp\/v2\/media\/8169"}],"wp:attachment":[{"href":"https:\/\/goodbike2.goodbikestore.com\/shop\/wp-json\/wp\/v2\/media?parent=8142"}],"wp:term":[{"taxonomy":"product_brand","embeddable":true,"href":"https:\/\/goodbike2.goodbikestore.com\/shop\/wp-json\/wp\/v2\/product_brand?post=8142"},{"taxonomy":"product_cat","embeddable":true,"href":"https:\/\/goodbike2.goodbikestore.com\/shop\/wp-json\/wp\/v2\/product_cat?post=8142"},{"taxonomy":"product_tag","embeddable":true,"href":"https:\/\/goodbike2.goodbikestore.com\/shop\/wp-json\/wp\/v2\/product_tag?post=8142"}],"curies":[{"name":"wp","href":"https:\/\/api.w.org\/{rel}","templated":true}]}}