{"id":8111,"date":"2023-08-24T19:54:47","date_gmt":"2023-08-24T19:54:47","guid":{"rendered":"https:\/\/goodbike2.goodbikestore.com\/shop\/?post_type=product&#038;p=8111"},"modified":"2023-08-24T19:55:07","modified_gmt":"2023-08-24T19:55:07","slug":"clean-sport-suplemento-alimenticio","status":"publish","type":"product","link":"https:\/\/goodbike2.goodbikestore.com\/shop\/product\/clean-sport-suplemento-alimenticio\/","title":{"rendered":"Clean sport suplemento alimenticio"},"content":{"rendered":"","protected":false},"excerpt":{"rendered":"<p style=\"text-align: center;\">Clean Sport es una combinaci\u00f3n de prote\u00ednas multifuente que forman una sinergia explosiva, dise\u00f1ada para aportar todos los amino\u00e1cidos esenciales. Sabemos que un atleta como t\u00fa siempre da el extra, es por eso que vamos m\u00e1s all\u00e1 y con eso en mente adicionamos nuestra f\u00f3rmula con BCAAS y glutamina para garantizar el mejor rendimiento y recuperaci\u00f3n muscular en su tipo.<\/p>\n","protected":false},"featured_media":8137,"comment_status":"open","ping_status":"closed","template":"","meta":{"nf_dc_page":""},"product_brand":[],"product_cat":[24,38,95,39],"product_tag":[96],"class_list":{"0":"post-8111","1":"product","2":"type-product","3":"status-publish","4":"has-post-thumbnail","6":"product_cat-marca","7":"product_cat-nutricion","8":"product_cat-slenderiz","9":"product_cat-suplementos","10":"product_tag-slenderiz","12":"first","13":"instock","14":"taxable","15":"shipping-taxable","16":"product-type-variable"},"jetpack_sharing_enabled":true,"_links":{"self":[{"href":"https:\/\/goodbike2.goodbikestore.com\/shop\/wp-json\/wp\/v2\/product\/8111","targetHints":{"allow":["GET"]}}],"collection":[{"href":"https:\/\/goodbike2.goodbikestore.com\/shop\/wp-json\/wp\/v2\/product"}],"about":[{"href":"https:\/\/goodbike2.goodbikestore.com\/shop\/wp-json\/wp\/v2\/types\/product"}],"replies":[{"embeddable":true,"href":"https:\/\/goodbike2.goodbikestore.com\/shop\/wp-json\/wp\/v2\/comments?post=8111"}],"wp:featuredmedia":[{"embeddable":true,"href":"https:\/\/goodbike2.goodbikestore.com\/shop\/wp-json\/wp\/v2\/media\/8137"}],"wp:attachment":[{"href":"https:\/\/goodbike2.goodbikestore.com\/shop\/wp-json\/wp\/v2\/media?parent=8111"}],"wp:term":[{"taxonomy":"product_brand","embeddable":true,"href":"https:\/\/goodbike2.goodbikestore.com\/shop\/wp-json\/wp\/v2\/product_brand?post=8111"},{"taxonomy":"product_cat","embeddable":true,"href":"https:\/\/goodbike2.goodbikestore.com\/shop\/wp-json\/wp\/v2\/product_cat?post=8111"},{"taxonomy":"product_tag","embeddable":true,"href":"https:\/\/goodbike2.goodbikestore.com\/shop\/wp-json\/wp\/v2\/product_tag?post=8111"}],"curies":[{"name":"wp","href":"https:\/\/api.w.org\/{rel}","templated":true}]}}