{"id":8108,"date":"2023-08-24T19:54:47","date_gmt":"2023-08-24T19:54:47","guid":{"rendered":"https:\/\/goodbike2.goodbikestore.com\/shop\/?post_type=product&#038;p=8108"},"modified":"2023-08-24T19:55:04","modified_gmt":"2023-08-24T19:55:04","slug":"lezyne-bomba-de-mano","status":"publish","type":"product","link":"https:\/\/goodbike2.goodbikestore.com\/shop\/product\/lezyne-bomba-de-mano\/","title":{"rendered":"LEZYNE BOMBA DE MANO"},"content":{"rendered":"","protected":false},"excerpt":{"rendered":"<p>Bomba 120 PSI de mano ligera con un dise\u00f1o eficiente y ergon\u00f3mico para inflar llantas a alta presi\u00f3n, construida de aluminio CNC. Incluye manguera ABS Flex equipada para v\u00e1lvulas presta y americana.<\/p>\n","protected":false},"featured_media":8134,"comment_status":"open","ping_status":"closed","template":"","meta":{"nf_dc_page":""},"product_brand":[],"product_cat":[28,92,65,93,24],"product_tag":[94],"class_list":{"0":"post-8108","1":"product","2":"type-product","3":"status-publish","4":"has-post-thumbnail","6":"product_cat-accesorios","7":"product_cat-bombas","8":"product_cat-esenciales","9":"product_cat-lezyne","10":"product_cat-marca","11":"product_tag-lezyne","13":"first","14":"instock","15":"taxable","16":"shipping-taxable","17":"product-type-variable"},"jetpack_sharing_enabled":true,"_links":{"self":[{"href":"https:\/\/goodbike2.goodbikestore.com\/shop\/wp-json\/wp\/v2\/product\/8108","targetHints":{"allow":["GET"]}}],"collection":[{"href":"https:\/\/goodbike2.goodbikestore.com\/shop\/wp-json\/wp\/v2\/product"}],"about":[{"href":"https:\/\/goodbike2.goodbikestore.com\/shop\/wp-json\/wp\/v2\/types\/product"}],"replies":[{"embeddable":true,"href":"https:\/\/goodbike2.goodbikestore.com\/shop\/wp-json\/wp\/v2\/comments?post=8108"}],"wp:featuredmedia":[{"embeddable":true,"href":"https:\/\/goodbike2.goodbikestore.com\/shop\/wp-json\/wp\/v2\/media\/8134"}],"wp:attachment":[{"href":"https:\/\/goodbike2.goodbikestore.com\/shop\/wp-json\/wp\/v2\/media?parent=8108"}],"wp:term":[{"taxonomy":"product_brand","embeddable":true,"href":"https:\/\/goodbike2.goodbikestore.com\/shop\/wp-json\/wp\/v2\/product_brand?post=8108"},{"taxonomy":"product_cat","embeddable":true,"href":"https:\/\/goodbike2.goodbikestore.com\/shop\/wp-json\/wp\/v2\/product_cat?post=8108"},{"taxonomy":"product_tag","embeddable":true,"href":"https:\/\/goodbike2.goodbikestore.com\/shop\/wp-json\/wp\/v2\/product_tag?post=8108"}],"curies":[{"name":"wp","href":"https:\/\/api.w.org\/{rel}","templated":true}]}}