{"id":8085,"date":"2023-08-24T19:54:23","date_gmt":"2023-08-24T19:54:23","guid":{"rendered":"https:\/\/goodbike2.goodbikestore.com\/shop\/?post_type=product&#038;p=8085"},"modified":"2023-08-24T19:54:54","modified_gmt":"2023-08-24T19:54:54","slug":"guantes-montana-fox-flexair","status":"publish","type":"product","link":"https:\/\/goodbike2.goodbikestore.com\/shop\/product\/guantes-montana-fox-flexair\/","title":{"rendered":"GUANTES MONTA\u00d1A FOX FLEXAIR"},"content":{"rendered":"","protected":false},"excerpt":{"rendered":"<p style=\"text-align: center;\">Flexair es un guante minimalista, ligero y con un ajuste excepcional.\u00a0Su tejido el\u00e1stico de Cordura ofrece el mejor nivel posible de destreza. Los refuerzos de malla el\u00e1stica (tejido entre los dedos) aumentan la flexibilidad y ayudan a dejar pasar el aire para un confort m\u00e1ximo. El modelo Flexair incluye adem\u00e1s tejido capacitivo en el pulgar y el \u00edndice para utilizar el tel\u00e9fono sin necesidad de quitarse el guante.<\/p>\n","protected":false},"featured_media":8127,"comment_status":"open","ping_status":"closed","template":"","meta":{"nf_dc_page":""},"product_brand":[],"product_cat":[41,25,84,24,26],"product_tag":[43],"class_list":{"0":"post-8085","1":"product","2":"type-product","3":"status-publish","4":"has-post-thumbnail","6":"product_cat-basicos","7":"product_cat-fox","8":"product_cat-guantes","9":"product_cat-marca","10":"product_cat-ropa-y-outfit","11":"product_tag-fox","13":"first","14":"instock","15":"taxable","16":"shipping-taxable","17":"product-type-variable"},"jetpack_sharing_enabled":true,"_links":{"self":[{"href":"https:\/\/goodbike2.goodbikestore.com\/shop\/wp-json\/wp\/v2\/product\/8085","targetHints":{"allow":["GET"]}}],"collection":[{"href":"https:\/\/goodbike2.goodbikestore.com\/shop\/wp-json\/wp\/v2\/product"}],"about":[{"href":"https:\/\/goodbike2.goodbikestore.com\/shop\/wp-json\/wp\/v2\/types\/product"}],"replies":[{"embeddable":true,"href":"https:\/\/goodbike2.goodbikestore.com\/shop\/wp-json\/wp\/v2\/comments?post=8085"}],"wp:featuredmedia":[{"embeddable":true,"href":"https:\/\/goodbike2.goodbikestore.com\/shop\/wp-json\/wp\/v2\/media\/8127"}],"wp:attachment":[{"href":"https:\/\/goodbike2.goodbikestore.com\/shop\/wp-json\/wp\/v2\/media?parent=8085"}],"wp:term":[{"taxonomy":"product_brand","embeddable":true,"href":"https:\/\/goodbike2.goodbikestore.com\/shop\/wp-json\/wp\/v2\/product_brand?post=8085"},{"taxonomy":"product_cat","embeddable":true,"href":"https:\/\/goodbike2.goodbikestore.com\/shop\/wp-json\/wp\/v2\/product_cat?post=8085"},{"taxonomy":"product_tag","embeddable":true,"href":"https:\/\/goodbike2.goodbikestore.com\/shop\/wp-json\/wp\/v2\/product_tag?post=8085"}],"curies":[{"name":"wp","href":"https:\/\/api.w.org\/{rel}","templated":true}]}}