{"id":8083,"date":"2023-08-24T19:54:23","date_gmt":"2023-08-24T19:54:23","guid":{"rendered":"https:\/\/goodbike2.goodbikestore.com\/shop\/?post_type=product&#038;p=8083"},"modified":"2023-08-24T19:54:52","modified_gmt":"2023-08-24T19:54:52","slug":"guantes-montana-fox-ranger-ym","status":"publish","type":"product","link":"https:\/\/goodbike2.goodbikestore.com\/shop\/product\/guantes-montana-fox-ranger-ym\/","title":{"rendered":"GUANTES MONTA\u00d1A FOX RANGER YM"},"content":{"rendered":"","protected":false},"excerpt":{"rendered":"<p>Los guantes Ranger son conocidos por ofrecer rendimiento y calidad que normalmente solo se encuentran en guantes mucho m\u00e1s caros. Este vers\u00e1til guante de bicicleta de monta\u00f1a funciona bien en casi cualquier disciplina. El guante Ranger contin\u00faa estableciendo el est\u00e1ndar de rendimiento, ajuste y valor en un guante mtb asequible.<\/p>\n","protected":false},"featured_media":8126,"comment_status":"open","ping_status":"closed","template":"","meta":{"nf_dc_page":""},"product_brand":[],"product_cat":[41,25,84,24,26],"product_tag":[43],"class_list":{"0":"post-8083","1":"product","2":"type-product","3":"status-publish","4":"has-post-thumbnail","6":"product_cat-basicos","7":"product_cat-fox","8":"product_cat-guantes","9":"product_cat-marca","10":"product_cat-ropa-y-outfit","11":"product_tag-fox","13":"first","14":"instock","15":"taxable","16":"shipping-taxable","17":"product-type-variable"},"jetpack_sharing_enabled":true,"_links":{"self":[{"href":"https:\/\/goodbike2.goodbikestore.com\/shop\/wp-json\/wp\/v2\/product\/8083","targetHints":{"allow":["GET"]}}],"collection":[{"href":"https:\/\/goodbike2.goodbikestore.com\/shop\/wp-json\/wp\/v2\/product"}],"about":[{"href":"https:\/\/goodbike2.goodbikestore.com\/shop\/wp-json\/wp\/v2\/types\/product"}],"replies":[{"embeddable":true,"href":"https:\/\/goodbike2.goodbikestore.com\/shop\/wp-json\/wp\/v2\/comments?post=8083"}],"wp:featuredmedia":[{"embeddable":true,"href":"https:\/\/goodbike2.goodbikestore.com\/shop\/wp-json\/wp\/v2\/media\/8126"}],"wp:attachment":[{"href":"https:\/\/goodbike2.goodbikestore.com\/shop\/wp-json\/wp\/v2\/media?parent=8083"}],"wp:term":[{"taxonomy":"product_brand","embeddable":true,"href":"https:\/\/goodbike2.goodbikestore.com\/shop\/wp-json\/wp\/v2\/product_brand?post=8083"},{"taxonomy":"product_cat","embeddable":true,"href":"https:\/\/goodbike2.goodbikestore.com\/shop\/wp-json\/wp\/v2\/product_cat?post=8083"},{"taxonomy":"product_tag","embeddable":true,"href":"https:\/\/goodbike2.goodbikestore.com\/shop\/wp-json\/wp\/v2\/product_tag?post=8083"}],"curies":[{"name":"wp","href":"https:\/\/api.w.org\/{rel}","templated":true}]}}