{"id":8007,"date":"2023-08-24T19:53:33","date_gmt":"2023-08-24T19:53:33","guid":{"rendered":"https:\/\/goodbike2.goodbikestore.com\/shop\/?post_type=product&#038;p=8007"},"modified":"2023-08-24T19:53:56","modified_gmt":"2023-08-24T19:53:56","slug":"abus-casco-moventor","status":"publish","type":"product","link":"https:\/\/goodbike2.goodbikestore.com\/shop\/product\/abus-casco-moventor\/","title":{"rendered":"ABUS CASCO  MOVENTOR"},"content":{"rendered":"","protected":false},"excerpt":{"rendered":"<p style=\"text-align: center;\">El Moventor de Abus promete un alto grado de confort de uso tanto en entrenamiento como en competici\u00f3n.\u00a0Es el casco perfecto para todos aquellos que no desean hacer ninguna concesi\u00f3n cuando se trata de seguridad. Este casco de monta\u00f1a es ligero, cuenta con una ventilaci\u00f3n excelente y es extremadamente c\u00f3modo. Es perfecto para carreras o para rutas off road cotidianas. Gracias al sistema de ajuste Zoom Ace, el caso puede adaptarse con exactitud, permaneciendo fijo.<\/p>\n","protected":false},"featured_media":8037,"comment_status":"open","ping_status":"closed","template":"","meta":{"nf_dc_page":""},"product_brand":[],"product_cat":[75,72,24,26],"product_tag":[76],"class_list":{"0":"post-8007","1":"product","2":"type-product","3":"status-publish","4":"has-post-thumbnail","6":"product_cat-abus","7":"product_cat-cascos","8":"product_cat-marca","9":"product_cat-ropa-y-outfit","10":"product_tag-abus","12":"first","13":"outofstock","14":"taxable","15":"shipping-taxable","16":"product-type-variable"},"jetpack_sharing_enabled":true,"_links":{"self":[{"href":"https:\/\/goodbike2.goodbikestore.com\/shop\/wp-json\/wp\/v2\/product\/8007","targetHints":{"allow":["GET"]}}],"collection":[{"href":"https:\/\/goodbike2.goodbikestore.com\/shop\/wp-json\/wp\/v2\/product"}],"about":[{"href":"https:\/\/goodbike2.goodbikestore.com\/shop\/wp-json\/wp\/v2\/types\/product"}],"replies":[{"embeddable":true,"href":"https:\/\/goodbike2.goodbikestore.com\/shop\/wp-json\/wp\/v2\/comments?post=8007"}],"wp:featuredmedia":[{"embeddable":true,"href":"https:\/\/goodbike2.goodbikestore.com\/shop\/wp-json\/wp\/v2\/media\/8037"}],"wp:attachment":[{"href":"https:\/\/goodbike2.goodbikestore.com\/shop\/wp-json\/wp\/v2\/media?parent=8007"}],"wp:term":[{"taxonomy":"product_brand","embeddable":true,"href":"https:\/\/goodbike2.goodbikestore.com\/shop\/wp-json\/wp\/v2\/product_brand?post=8007"},{"taxonomy":"product_cat","embeddable":true,"href":"https:\/\/goodbike2.goodbikestore.com\/shop\/wp-json\/wp\/v2\/product_cat?post=8007"},{"taxonomy":"product_tag","embeddable":true,"href":"https:\/\/goodbike2.goodbikestore.com\/shop\/wp-json\/wp\/v2\/product_tag?post=8007"}],"curies":[{"name":"wp","href":"https:\/\/api.w.org\/{rel}","templated":true}]}}