{"id":7985,"date":"2023-08-24T19:53:02","date_gmt":"2023-08-24T19:53:02","guid":{"rendered":"https:\/\/goodbike2.goodbikestore.com\/shop\/?post_type=product&#038;p=7985"},"modified":"2023-08-24T19:53:50","modified_gmt":"2023-08-24T19:53:50","slug":"abus-casco-montrailer","status":"publish","type":"product","link":"https:\/\/goodbike2.goodbikestore.com\/shop\/product\/abus-casco-montrailer\/","title":{"rendered":"ABUS CASCO MONTRAILER"},"content":{"rendered":"","protected":false},"excerpt":{"rendered":"<p style=\"text-align: center;\">Cuando la dificultad del sendero se hace cada vez mayor, tambi\u00e9n aumentan los requisitos del equipamiento y la necesidad de protecci\u00f3n.\u00a0El Montrailer cubre la\u00a0necesidad de protecci\u00f3n, adem\u00e1s de contar con toda una serie de caracter\u00edsticas elaboradas para el uso en senderos. Este casco para bicicleta de monta\u00f1a es ligero, cuenta con una ventilaci\u00f3n excelente y es c\u00f3modo, por lo que resulta perfecto para carreras o para rutas de trail cotidianas. El robusto MonTrailer obtiene una estabilidad adicional gracias al dise\u00f1o ActiCage, que integra un refuerzo estructural en el EPS.<\/p>\n","protected":false},"featured_media":8033,"comment_status":"open","ping_status":"closed","template":"","meta":{"nf_dc_page":""},"product_brand":[],"product_cat":[75,72,24,26],"product_tag":[76],"class_list":{"0":"post-7985","1":"product","2":"type-product","3":"status-publish","4":"has-post-thumbnail","6":"product_cat-abus","7":"product_cat-cascos","8":"product_cat-marca","9":"product_cat-ropa-y-outfit","10":"product_tag-abus","12":"first","13":"instock","14":"taxable","15":"shipping-taxable","16":"product-type-variable"},"jetpack_sharing_enabled":true,"_links":{"self":[{"href":"https:\/\/goodbike2.goodbikestore.com\/shop\/wp-json\/wp\/v2\/product\/7985","targetHints":{"allow":["GET"]}}],"collection":[{"href":"https:\/\/goodbike2.goodbikestore.com\/shop\/wp-json\/wp\/v2\/product"}],"about":[{"href":"https:\/\/goodbike2.goodbikestore.com\/shop\/wp-json\/wp\/v2\/types\/product"}],"replies":[{"embeddable":true,"href":"https:\/\/goodbike2.goodbikestore.com\/shop\/wp-json\/wp\/v2\/comments?post=7985"}],"wp:featuredmedia":[{"embeddable":true,"href":"https:\/\/goodbike2.goodbikestore.com\/shop\/wp-json\/wp\/v2\/media\/8033"}],"wp:attachment":[{"href":"https:\/\/goodbike2.goodbikestore.com\/shop\/wp-json\/wp\/v2\/media?parent=7985"}],"wp:term":[{"taxonomy":"product_brand","embeddable":true,"href":"https:\/\/goodbike2.goodbikestore.com\/shop\/wp-json\/wp\/v2\/product_brand?post=7985"},{"taxonomy":"product_cat","embeddable":true,"href":"https:\/\/goodbike2.goodbikestore.com\/shop\/wp-json\/wp\/v2\/product_cat?post=7985"},{"taxonomy":"product_tag","embeddable":true,"href":"https:\/\/goodbike2.goodbikestore.com\/shop\/wp-json\/wp\/v2\/product_tag?post=7985"}],"curies":[{"name":"wp","href":"https:\/\/api.w.org\/{rel}","templated":true}]}}