{"id":7925,"date":"2023-08-24T19:52:14","date_gmt":"2023-08-24T19:52:14","guid":{"rendered":"https:\/\/goodbike2.goodbikestore.com\/shop\/?post_type=product&#038;p=7925"},"modified":"2023-08-24T19:52:57","modified_gmt":"2023-08-24T19:52:57","slug":"abus-casco-road-aventor","status":"publish","type":"product","link":"https:\/\/goodbike2.goodbikestore.com\/shop\/product\/abus-casco-road-aventor\/","title":{"rendered":"ABUS CASCO ROAD AVENTOR"},"content":{"rendered":"","protected":false},"excerpt":{"rendered":"<p style=\"text-align: center;\">El casco ideal para ciclistas de carretera con altas expectativas. El Aventor promete un alto confort tanto para entrenamiento como para uso competitivo.\u00a0La combinaci\u00f3n de un dise\u00f1o innovador junto con la \u00faltima tecnolog\u00eda, una funcionalidad excepcional, una ventilaci\u00f3n m\u00e1xima y un bajo peso hacen del Aventor un verdadero todo terreno. El Aventor es el casco perfecto para ciclistas que necesitan la m\u00e1xima ventilaci\u00f3n para rodar en altas temperaturas y en escenarios desafiantes.<\/p>\n","protected":false},"featured_media":7973,"comment_status":"open","ping_status":"closed","template":"","meta":{"nf_dc_page":""},"product_brand":[],"product_cat":[75,72,24,26],"product_tag":[76],"class_list":{"0":"post-7925","1":"product","2":"type-product","3":"status-publish","4":"has-post-thumbnail","6":"product_cat-abus","7":"product_cat-cascos","8":"product_cat-marca","9":"product_cat-ropa-y-outfit","10":"product_tag-abus","12":"first","13":"outofstock","14":"taxable","15":"shipping-taxable","16":"product-type-variable","17":"has-default-attributes"},"jetpack_sharing_enabled":true,"_links":{"self":[{"href":"https:\/\/goodbike2.goodbikestore.com\/shop\/wp-json\/wp\/v2\/product\/7925","targetHints":{"allow":["GET"]}}],"collection":[{"href":"https:\/\/goodbike2.goodbikestore.com\/shop\/wp-json\/wp\/v2\/product"}],"about":[{"href":"https:\/\/goodbike2.goodbikestore.com\/shop\/wp-json\/wp\/v2\/types\/product"}],"replies":[{"embeddable":true,"href":"https:\/\/goodbike2.goodbikestore.com\/shop\/wp-json\/wp\/v2\/comments?post=7925"}],"wp:featuredmedia":[{"embeddable":true,"href":"https:\/\/goodbike2.goodbikestore.com\/shop\/wp-json\/wp\/v2\/media\/7973"}],"wp:attachment":[{"href":"https:\/\/goodbike2.goodbikestore.com\/shop\/wp-json\/wp\/v2\/media?parent=7925"}],"wp:term":[{"taxonomy":"product_brand","embeddable":true,"href":"https:\/\/goodbike2.goodbikestore.com\/shop\/wp-json\/wp\/v2\/product_brand?post=7925"},{"taxonomy":"product_cat","embeddable":true,"href":"https:\/\/goodbike2.goodbikestore.com\/shop\/wp-json\/wp\/v2\/product_cat?post=7925"},{"taxonomy":"product_tag","embeddable":true,"href":"https:\/\/goodbike2.goodbikestore.com\/shop\/wp-json\/wp\/v2\/product_tag?post=7925"}],"curies":[{"name":"wp","href":"https:\/\/api.w.org\/{rel}","templated":true}]}}