{"id":7911,"date":"2023-08-24T19:52:12","date_gmt":"2023-08-24T19:52:12","guid":{"rendered":"https:\/\/goodbike2.goodbikestore.com\/shop\/?post_type=product&#038;p=7911"},"modified":"2023-08-24T19:52:28","modified_gmt":"2023-08-24T19:52:28","slug":"fox-pantalon-defend","status":"publish","type":"product","link":"https:\/\/goodbike2.goodbikestore.com\/shop\/product\/fox-pantalon-defend\/","title":{"rendered":"FOX PANTAL\u00d3N DEFEND"},"content":{"rendered":"","protected":false},"excerpt":{"rendered":"<p style=\"text-align: center;\">Nuestro equipo de \u00e9lite de mountain bike ha probado el pantal\u00f3n Defend en los trails m\u00e1s duros del mundo. La pernera estrechada en el bajo con pieza de malla el\u00e1stica es perfecta para competir y reduce los enganchones. El tejido TruMotion el\u00e1stico en todas las direcciones garantiza una impresionante eficiencia de pedaleo para que subas a las cumbres m\u00e1s altas y disfrutes de los descensos.<\/p>\n<p style=\"text-align: center;\">Los paneles Cordura\u00ae en rodillas aumentan la durabilidad para mejorar la resistencia a la abrasi\u00f3n en la bici. Mant\u00e9n la frescura todo el d\u00eda gracias a una combinaci\u00f3n de tejido TruDri\u2122 para eliminar el sudor de tu cuerpo y orificios cortados a l\u00e1ser en la parte delantera y trasera de los pantalones para mejorar la ventilaci\u00f3n.<\/p>\n","protected":false},"featured_media":7941,"comment_status":"open","ping_status":"closed","template":"","meta":{"nf_dc_page":""},"product_brand":[],"product_cat":[25,24,45,26,46],"product_tag":[43],"class_list":{"0":"post-7911","1":"product","2":"type-product","3":"status-publish","4":"has-post-thumbnail","6":"product_cat-fox","7":"product_cat-marca","8":"product_cat-ropa-ciclismo","9":"product_cat-ropa-y-outfit","10":"product_cat-shorts","11":"product_tag-fox","13":"first","14":"outofstock","15":"taxable","16":"shipping-taxable","17":"product-type-variable"},"jetpack_sharing_enabled":true,"_links":{"self":[{"href":"https:\/\/goodbike2.goodbikestore.com\/shop\/wp-json\/wp\/v2\/product\/7911","targetHints":{"allow":["GET"]}}],"collection":[{"href":"https:\/\/goodbike2.goodbikestore.com\/shop\/wp-json\/wp\/v2\/product"}],"about":[{"href":"https:\/\/goodbike2.goodbikestore.com\/shop\/wp-json\/wp\/v2\/types\/product"}],"replies":[{"embeddable":true,"href":"https:\/\/goodbike2.goodbikestore.com\/shop\/wp-json\/wp\/v2\/comments?post=7911"}],"wp:featuredmedia":[{"embeddable":true,"href":"https:\/\/goodbike2.goodbikestore.com\/shop\/wp-json\/wp\/v2\/media\/7941"}],"wp:attachment":[{"href":"https:\/\/goodbike2.goodbikestore.com\/shop\/wp-json\/wp\/v2\/media?parent=7911"}],"wp:term":[{"taxonomy":"product_brand","embeddable":true,"href":"https:\/\/goodbike2.goodbikestore.com\/shop\/wp-json\/wp\/v2\/product_brand?post=7911"},{"taxonomy":"product_cat","embeddable":true,"href":"https:\/\/goodbike2.goodbikestore.com\/shop\/wp-json\/wp\/v2\/product_cat?post=7911"},{"taxonomy":"product_tag","embeddable":true,"href":"https:\/\/goodbike2.goodbikestore.com\/shop\/wp-json\/wp\/v2\/product_tag?post=7911"}],"curies":[{"name":"wp","href":"https:\/\/api.w.org\/{rel}","templated":true}]}}