{"id":7888,"date":"2023-08-24T19:51:46","date_gmt":"2023-08-24T19:51:46","guid":{"rendered":"https:\/\/goodbike2.goodbikestore.com\/shop\/?post_type=product&#038;p=7888"},"modified":"2023-08-24T19:52:24","modified_gmt":"2023-08-24T19:52:24","slug":"short-fox-ranger-camo","status":"publish","type":"product","link":"https:\/\/goodbike2.goodbikestore.com\/shop\/product\/short-fox-ranger-camo\/","title":{"rendered":"SHORT FOX RANGER CAMO"},"content":{"rendered":"","protected":false},"excerpt":{"rendered":"<p style=\"text-align: center;\">El Ranger para mountain bike incorpora toda la tecnolog\u00eda espec\u00edfica para prendas de trail en un pantal\u00f3n corto de estilo informal que va bien en cualquier situaci\u00f3n. El tejido el\u00e1stico antidesgarrones garantiza el m\u00e1ximo rendimiento y una resistencia superior. El sistema de regulaci\u00f3n de la cintura es muy f\u00e1cil de ajustar y extremadamente c\u00f3modo.<\/p>\n","protected":false},"featured_media":7939,"comment_status":"open","ping_status":"closed","template":"","meta":{"nf_dc_page":""},"product_brand":[],"product_cat":[25,24,45,26,46],"product_tag":[43],"class_list":{"0":"post-7888","1":"product","2":"type-product","3":"status-publish","4":"has-post-thumbnail","6":"product_cat-fox","7":"product_cat-marca","8":"product_cat-ropa-ciclismo","9":"product_cat-ropa-y-outfit","10":"product_cat-shorts","11":"product_tag-fox","13":"first","14":"instock","15":"taxable","16":"shipping-taxable","17":"product-type-variable"},"jetpack_sharing_enabled":true,"_links":{"self":[{"href":"https:\/\/goodbike2.goodbikestore.com\/shop\/wp-json\/wp\/v2\/product\/7888","targetHints":{"allow":["GET"]}}],"collection":[{"href":"https:\/\/goodbike2.goodbikestore.com\/shop\/wp-json\/wp\/v2\/product"}],"about":[{"href":"https:\/\/goodbike2.goodbikestore.com\/shop\/wp-json\/wp\/v2\/types\/product"}],"replies":[{"embeddable":true,"href":"https:\/\/goodbike2.goodbikestore.com\/shop\/wp-json\/wp\/v2\/comments?post=7888"}],"wp:featuredmedia":[{"embeddable":true,"href":"https:\/\/goodbike2.goodbikestore.com\/shop\/wp-json\/wp\/v2\/media\/7939"}],"wp:attachment":[{"href":"https:\/\/goodbike2.goodbikestore.com\/shop\/wp-json\/wp\/v2\/media?parent=7888"}],"wp:term":[{"taxonomy":"product_brand","embeddable":true,"href":"https:\/\/goodbike2.goodbikestore.com\/shop\/wp-json\/wp\/v2\/product_brand?post=7888"},{"taxonomy":"product_cat","embeddable":true,"href":"https:\/\/goodbike2.goodbikestore.com\/shop\/wp-json\/wp\/v2\/product_cat?post=7888"},{"taxonomy":"product_tag","embeddable":true,"href":"https:\/\/goodbike2.goodbikestore.com\/shop\/wp-json\/wp\/v2\/product_tag?post=7888"}],"curies":[{"name":"wp","href":"https:\/\/api.w.org\/{rel}","templated":true}]}}