{"id":7810,"date":"2023-08-24T19:50:50","date_gmt":"2023-08-24T19:50:50","guid":{"rendered":"https:\/\/goodbike2.goodbikestore.com\/shop\/?post_type=product&#038;p=7810"},"modified":"2023-08-24T19:51:11","modified_gmt":"2023-08-24T19:51:11","slug":"safetti-jersey-purezza-para-mujer","status":"publish","type":"product","link":"https:\/\/goodbike2.goodbikestore.com\/shop\/product\/safetti-jersey-purezza-para-mujer\/","title":{"rendered":"SAFETTI JERSEY PUREZZA PARA MUJER"},"content":{"rendered":"","protected":false},"excerpt":{"rendered":"<p style=\"text-align: center;\">La esencia est\u00e1 en lo elemental, en colores y formas simples que evocan elegancia, versatilidad y comodidad; tal como Purezza, un\u00a0jersey ideal para lucir Igual a Ninguna en la ruta.<br \/>\nEsta prenda cuenta con transporte de humedad, secado r\u00e1pido, control de olores y protecci\u00f3n solar. Sus laterales en malla te permitir\u00e1n sentirte m\u00e1s fresco. Contiene detalle reflectivo y bolsillos posteriores, uno de ellos repelente al agua.<\/p>\n<p>\u00a0 \u00a0 Caracter\u00edsticas<\/p>\n<ul>\n<li>Fit pro, es el fit m\u00e1s ajustado al cuerpo. Se ajusta al cuerpo como si se tratase de una segunda piel. Por su contenido de elastano se tiene una prenda muy comoda, permitiendo movimientos muy libres.<\/li>\n<li>Tejido liviano Infinite con elast\u00e1n, transporte de humedad, secado r\u00e1pido, control de olores y protecci\u00f3n solar UPF 30 &#8211; 50.<\/li>\n<li>Cuello anat\u00f3mico.<\/li>\n<li>Laterales en malla ultra liviana para mayor ventilaci\u00f3n.<\/li>\n<li>Mangas con terminaci\u00f3n en corte limpio y costuras planas.<\/li>\n<\/ul>\n","protected":false},"featured_media":7838,"comment_status":"open","ping_status":"closed","template":"","meta":{"nf_dc_page":""},"product_brand":[],"product_cat":[49,24,44,45,26,57],"product_tag":[58],"class_list":{"0":"post-7810","1":"product","2":"type-product","3":"status-publish","4":"has-post-thumbnail","6":"product_cat-jerseys","7":"product_cat-marca","8":"product_cat-mujer","9":"product_cat-ropa-ciclismo","10":"product_cat-ropa-y-outfit","11":"product_cat-safetti","12":"product_tag-safetti","14":"first","15":"instock","16":"taxable","17":"shipping-taxable","18":"product-type-variable","19":"has-default-attributes"},"jetpack_sharing_enabled":true,"_links":{"self":[{"href":"https:\/\/goodbike2.goodbikestore.com\/shop\/wp-json\/wp\/v2\/product\/7810","targetHints":{"allow":["GET"]}}],"collection":[{"href":"https:\/\/goodbike2.goodbikestore.com\/shop\/wp-json\/wp\/v2\/product"}],"about":[{"href":"https:\/\/goodbike2.goodbikestore.com\/shop\/wp-json\/wp\/v2\/types\/product"}],"replies":[{"embeddable":true,"href":"https:\/\/goodbike2.goodbikestore.com\/shop\/wp-json\/wp\/v2\/comments?post=7810"}],"wp:featuredmedia":[{"embeddable":true,"href":"https:\/\/goodbike2.goodbikestore.com\/shop\/wp-json\/wp\/v2\/media\/7838"}],"wp:attachment":[{"href":"https:\/\/goodbike2.goodbikestore.com\/shop\/wp-json\/wp\/v2\/media?parent=7810"}],"wp:term":[{"taxonomy":"product_brand","embeddable":true,"href":"https:\/\/goodbike2.goodbikestore.com\/shop\/wp-json\/wp\/v2\/product_brand?post=7810"},{"taxonomy":"product_cat","embeddable":true,"href":"https:\/\/goodbike2.goodbikestore.com\/shop\/wp-json\/wp\/v2\/product_cat?post=7810"},{"taxonomy":"product_tag","embeddable":true,"href":"https:\/\/goodbike2.goodbikestore.com\/shop\/wp-json\/wp\/v2\/product_tag?post=7810"}],"curies":[{"name":"wp","href":"https:\/\/api.w.org\/{rel}","templated":true}]}}