{"id":7710,"date":"2023-08-24T19:49:34","date_gmt":"2023-08-24T19:49:34","guid":{"rendered":"https:\/\/goodbike2.goodbikestore.com\/shop\/?post_type=product&#038;p=7710"},"modified":"2023-08-24T19:50:10","modified_gmt":"2023-08-24T19:50:10","slug":"peto-fox-titan-sport-jacket","status":"publish","type":"product","link":"https:\/\/goodbike2.goodbikestore.com\/shop\/product\/peto-fox-titan-sport-jacket\/","title":{"rendered":"PETO FOX TITAN SPORT JACKET"},"content":{"rendered":"","protected":false},"excerpt":{"rendered":"<p style=\"text-align: center;\">La Titan Sports marca un nuevo hito en el campo de las protecciones de cobertura total para llevar bajo el jersey. El cuerpo de malla ofrece un ajuste preciso y sin acumulaciones innecesarias de tela para darte la m\u00e1xima movilidad sobre la moto. A\u00f1\u00e1dele las zonas de ventilaci\u00f3n colocadas estrat\u00e9gicamente y la protecci\u00f3n Titan Sports se convierte en la armadura definitiva para la batalla.<\/p>\n","protected":false},"featured_media":7745,"comment_status":"open","ping_status":"closed","template":"","meta":{"nf_dc_page":""},"product_brand":[],"product_cat":[41,25,24,42,26],"product_tag":[43],"class_list":{"0":"post-7710","1":"product","2":"type-product","3":"status-publish","4":"has-post-thumbnail","6":"product_cat-basicos","7":"product_cat-fox","8":"product_cat-marca","9":"product_cat-protecciones","10":"product_cat-ropa-y-outfit","11":"product_tag-fox","13":"first","14":"instock","15":"taxable","16":"shipping-taxable","17":"product-type-variable"},"jetpack_sharing_enabled":true,"_links":{"self":[{"href":"https:\/\/goodbike2.goodbikestore.com\/shop\/wp-json\/wp\/v2\/product\/7710","targetHints":{"allow":["GET"]}}],"collection":[{"href":"https:\/\/goodbike2.goodbikestore.com\/shop\/wp-json\/wp\/v2\/product"}],"about":[{"href":"https:\/\/goodbike2.goodbikestore.com\/shop\/wp-json\/wp\/v2\/types\/product"}],"replies":[{"embeddable":true,"href":"https:\/\/goodbike2.goodbikestore.com\/shop\/wp-json\/wp\/v2\/comments?post=7710"}],"wp:featuredmedia":[{"embeddable":true,"href":"https:\/\/goodbike2.goodbikestore.com\/shop\/wp-json\/wp\/v2\/media\/7745"}],"wp:attachment":[{"href":"https:\/\/goodbike2.goodbikestore.com\/shop\/wp-json\/wp\/v2\/media?parent=7710"}],"wp:term":[{"taxonomy":"product_brand","embeddable":true,"href":"https:\/\/goodbike2.goodbikestore.com\/shop\/wp-json\/wp\/v2\/product_brand?post=7710"},{"taxonomy":"product_cat","embeddable":true,"href":"https:\/\/goodbike2.goodbikestore.com\/shop\/wp-json\/wp\/v2\/product_cat?post=7710"},{"taxonomy":"product_tag","embeddable":true,"href":"https:\/\/goodbike2.goodbikestore.com\/shop\/wp-json\/wp\/v2\/product_tag?post=7710"}],"curies":[{"name":"wp","href":"https:\/\/api.w.org\/{rel}","templated":true}]}}