{"id":7706,"date":"2023-08-24T19:49:34","date_gmt":"2023-08-24T19:49:34","guid":{"rendered":"https:\/\/goodbike2.goodbikestore.com\/shop\/?post_type=product&#038;p=7706"},"modified":"2023-08-24T19:50:06","modified_gmt":"2023-08-24T19:50:06","slug":"peto-fox-r3-mujer","status":"publish","type":"product","link":"https:\/\/goodbike2.goodbikestore.com\/shop\/product\/peto-fox-r3-mujer\/","title":{"rendered":"PETO FOX R3 MUJER"},"content":{"rendered":"","protected":false},"excerpt":{"rendered":"<p style=\"text-align: center;\">Con su mejor cobertura en su clase y un estilo actualizado, el Peto R3 para mujeres ofrece una amplia cobertura de percha a los pilotos femeninos. Presenta un cuerpo espec\u00edfico para mujeres.\u00a0Construcci\u00f3n de policarbonato en el pecho, la espalda y los hombros.<\/p>\n<p>\u00a0 \u00a0Caracter\u00edsticas:<\/p>\n<ul>\n<li>Protectores de brazos acolchados totalmente ajustables y desmontables.<\/li>\n<li>Conexiones de hombro ajustables para un ajuste personalizado.<\/li>\n<li>La placa tor\u00e1cica de ajuste anat\u00f3mico espec\u00edfico de la mujer.<\/li>\n<\/ul>\n","protected":false},"featured_media":7743,"comment_status":"open","ping_status":"closed","template":"","meta":{"nf_dc_page":""},"product_brand":[],"product_cat":[41,25,24,44,42,26],"product_tag":[43],"class_list":{"0":"post-7706","1":"product","2":"type-product","3":"status-publish","4":"has-post-thumbnail","6":"product_cat-basicos","7":"product_cat-fox","8":"product_cat-marca","9":"product_cat-mujer","10":"product_cat-protecciones","11":"product_cat-ropa-y-outfit","12":"product_tag-fox","14":"first","15":"instock","16":"taxable","17":"shipping-taxable","18":"product-type-variable"},"jetpack_sharing_enabled":true,"_links":{"self":[{"href":"https:\/\/goodbike2.goodbikestore.com\/shop\/wp-json\/wp\/v2\/product\/7706","targetHints":{"allow":["GET"]}}],"collection":[{"href":"https:\/\/goodbike2.goodbikestore.com\/shop\/wp-json\/wp\/v2\/product"}],"about":[{"href":"https:\/\/goodbike2.goodbikestore.com\/shop\/wp-json\/wp\/v2\/types\/product"}],"replies":[{"embeddable":true,"href":"https:\/\/goodbike2.goodbikestore.com\/shop\/wp-json\/wp\/v2\/comments?post=7706"}],"wp:featuredmedia":[{"embeddable":true,"href":"https:\/\/goodbike2.goodbikestore.com\/shop\/wp-json\/wp\/v2\/media\/7743"}],"wp:attachment":[{"href":"https:\/\/goodbike2.goodbikestore.com\/shop\/wp-json\/wp\/v2\/media?parent=7706"}],"wp:term":[{"taxonomy":"product_brand","embeddable":true,"href":"https:\/\/goodbike2.goodbikestore.com\/shop\/wp-json\/wp\/v2\/product_brand?post=7706"},{"taxonomy":"product_cat","embeddable":true,"href":"https:\/\/goodbike2.goodbikestore.com\/shop\/wp-json\/wp\/v2\/product_cat?post=7706"},{"taxonomy":"product_tag","embeddable":true,"href":"https:\/\/goodbike2.goodbikestore.com\/shop\/wp-json\/wp\/v2\/product_tag?post=7706"}],"curies":[{"name":"wp","href":"https:\/\/api.w.org\/{rel}","templated":true}]}}