{"id":7702,"date":"2023-08-24T19:49:33","date_gmt":"2023-08-24T19:49:33","guid":{"rendered":"https:\/\/goodbike2.goodbikestore.com\/shop\/?post_type=product&#038;p=7702"},"modified":"2023-08-24T19:50:03","modified_gmt":"2023-08-24T19:50:03","slug":"peto-fox-baseframe-pro","status":"publish","type":"product","link":"https:\/\/goodbike2.goodbikestore.com\/shop\/product\/peto-fox-baseframe-pro\/","title":{"rendered":"PETO FOX BASEFRAME PRO"},"content":{"rendered":"","protected":false},"excerpt":{"rendered":"<p style=\"text-align: center;\">La baseframe Pro de manga corta es una camiseta interior transpirable con protecciones integradas en los hombros. Un modelo de perfil bajo dise\u00f1ado para llevar debajo de la camiseta t\u00e9cnica. Incorpora una espaldera extra\u00edble, que aumenta la protecci\u00f3n frente a los impactos, y un tejido que aleja el sudor de la piel para mantenerla fresca y seca. La Baseframe Pro se ajusta a la perfecci\u00f3n .El pol\u00edmero se suaviza para adaptarse a tus formas gracias al calor que genera el cuerpo para no restringir tus movimientos.<\/p>\n","protected":false},"featured_media":7741,"comment_status":"open","ping_status":"closed","template":"","meta":{"nf_dc_page":""},"product_brand":[],"product_cat":[41,25,24,42,26],"product_tag":[43],"class_list":{"0":"post-7702","1":"product","2":"type-product","3":"status-publish","4":"has-post-thumbnail","6":"product_cat-basicos","7":"product_cat-fox","8":"product_cat-marca","9":"product_cat-protecciones","10":"product_cat-ropa-y-outfit","11":"product_tag-fox","13":"first","14":"outofstock","15":"taxable","16":"shipping-taxable","17":"product-type-variable"},"jetpack_sharing_enabled":true,"_links":{"self":[{"href":"https:\/\/goodbike2.goodbikestore.com\/shop\/wp-json\/wp\/v2\/product\/7702","targetHints":{"allow":["GET"]}}],"collection":[{"href":"https:\/\/goodbike2.goodbikestore.com\/shop\/wp-json\/wp\/v2\/product"}],"about":[{"href":"https:\/\/goodbike2.goodbikestore.com\/shop\/wp-json\/wp\/v2\/types\/product"}],"replies":[{"embeddable":true,"href":"https:\/\/goodbike2.goodbikestore.com\/shop\/wp-json\/wp\/v2\/comments?post=7702"}],"wp:featuredmedia":[{"embeddable":true,"href":"https:\/\/goodbike2.goodbikestore.com\/shop\/wp-json\/wp\/v2\/media\/7741"}],"wp:attachment":[{"href":"https:\/\/goodbike2.goodbikestore.com\/shop\/wp-json\/wp\/v2\/media?parent=7702"}],"wp:term":[{"taxonomy":"product_brand","embeddable":true,"href":"https:\/\/goodbike2.goodbikestore.com\/shop\/wp-json\/wp\/v2\/product_brand?post=7702"},{"taxonomy":"product_cat","embeddable":true,"href":"https:\/\/goodbike2.goodbikestore.com\/shop\/wp-json\/wp\/v2\/product_cat?post=7702"},{"taxonomy":"product_tag","embeddable":true,"href":"https:\/\/goodbike2.goodbikestore.com\/shop\/wp-json\/wp\/v2\/product_tag?post=7702"}],"curies":[{"name":"wp","href":"https:\/\/api.w.org\/{rel}","templated":true}]}}