{"id":7689,"date":"2023-08-24T19:49:32","date_gmt":"2023-08-24T19:49:32","guid":{"rendered":"https:\/\/goodbike2.goodbikestore.com\/shop\/?post_type=product&#038;p=7689"},"modified":"2023-08-24T19:49:36","modified_gmt":"2023-08-24T19:49:36","slug":"aceite-lubricante-para-cadena","status":"publish","type":"product","link":"https:\/\/goodbike2.goodbikestore.com\/shop\/product\/aceite-lubricante-para-cadena\/","title":{"rendered":"ACEITE LUBRICANTE PARA CADENA"},"content":{"rendered":"","protected":false},"excerpt":{"rendered":"<p id=\"tw-target-text\" class=\"tw-data-text tw-text-large tw-ta\" dir=\"ltr\" style=\"text-align: center;\" data-placeholder=\"Traducci\u00f3n\"><span class=\"Y2IQFc\" lang=\"es\">Lubricante superior de viscosidad ligera que permite una penetraci\u00f3n profunda en piezas m\u00f3viles de dif\u00edcil acceso. La aplicaci\u00f3n de la botella de goteo permite una penetraci\u00f3n profunda en piezas m\u00f3viles de dif\u00edcil acceso. Los aceites de petr\u00f3leo de alta calidad brindan una lubricaci\u00f3n. Los solventes formulados suavizan y eliminan la suciedad y los contaminantes, mientras que los aditivos especiales desplazan la humedad y evitan la oxidaci\u00f3n y la corrosi\u00f3n.<\/span><\/p>\n<p>&nbsp;<\/p>\n","protected":false},"featured_media":7716,"comment_status":"open","ping_status":"closed","template":"","meta":{"nf_dc_page":""},"product_brand":[],"product_cat":[28,29,31,30,24],"product_tag":[32],"class_list":{"0":"post-7689","1":"product","2":"type-product","3":"status-publish","4":"has-post-thumbnail","6":"product_cat-accesorios","7":"product_cat-finish-line","8":"product_cat-lubricante-y-desengrasante","9":"product_cat-mantenimiento-y-transporte","10":"product_cat-marca","11":"product_tag-finish-line","13":"first","14":"instock","15":"taxable","16":"shipping-taxable","17":"product-type-variable"},"jetpack_sharing_enabled":true,"_links":{"self":[{"href":"https:\/\/goodbike2.goodbikestore.com\/shop\/wp-json\/wp\/v2\/product\/7689","targetHints":{"allow":["GET"]}}],"collection":[{"href":"https:\/\/goodbike2.goodbikestore.com\/shop\/wp-json\/wp\/v2\/product"}],"about":[{"href":"https:\/\/goodbike2.goodbikestore.com\/shop\/wp-json\/wp\/v2\/types\/product"}],"replies":[{"embeddable":true,"href":"https:\/\/goodbike2.goodbikestore.com\/shop\/wp-json\/wp\/v2\/comments?post=7689"}],"wp:featuredmedia":[{"embeddable":true,"href":"https:\/\/goodbike2.goodbikestore.com\/shop\/wp-json\/wp\/v2\/media\/7716"}],"wp:attachment":[{"href":"https:\/\/goodbike2.goodbikestore.com\/shop\/wp-json\/wp\/v2\/media?parent=7689"}],"wp:term":[{"taxonomy":"product_brand","embeddable":true,"href":"https:\/\/goodbike2.goodbikestore.com\/shop\/wp-json\/wp\/v2\/product_brand?post=7689"},{"taxonomy":"product_cat","embeddable":true,"href":"https:\/\/goodbike2.goodbikestore.com\/shop\/wp-json\/wp\/v2\/product_cat?post=7689"},{"taxonomy":"product_tag","embeddable":true,"href":"https:\/\/goodbike2.goodbikestore.com\/shop\/wp-json\/wp\/v2\/product_tag?post=7689"}],"curies":[{"name":"wp","href":"https:\/\/api.w.org\/{rel}","templated":true}]}}